{"id":46,"date":"2018-03-15T01:15:04","date_gmt":"2018-03-14T16:15:04","guid":{"rendered":"http:\/\/shiki-boulogne-billancourt.com\/wp\/?page_id=46"},"modified":"2022-01-03T19:48:57","modified_gmt":"2022-01-03T18:48:57","slug":"la_salle","status":"publish","type":"page","link":"https:\/\/shiki-boulogne-billancourt.com\/index.php\/la_salle","title":{"rendered":"La salle"},"content":{"rendered":"<p><img loading=\"lazy\" decoding=\"async\" class=\"alignleft size-full wp-image-31\" src=\"https:\/\/shiki-boulogne-billancourt.com\/images\/shiki_interieur_300.jpg\" alt=\"\" width=\"300\" height=\"200\" \/>La salle dispose de 45 couverts. Nous accueillons les groupes en r\u00e9c\u00e9ption pour un maximum de 35 personnes. Afin de rendre plus agr\u00e9able le repas, il est possible de composer \u00e0 votre guise le menu.<\/p>\n<p>Nous vous encourageons \u00e9galement \u00e0 r\u00e9server \u00e0 l\u2019avance \u00e0 l\u2019accueil sp\u00e9cialement le week-end o\u00f9 la client\u00e8le afflue.<\/p>\n","protected":false},"excerpt":{"rendered":"<p>La salle dispose de 45 couverts. Nous accueillons les groupes en r\u00e9c\u00e9ption pour un maximum de 35 personnes. Af [&hellip;]<\/p>\n","protected":false},"author":1,"featured_media":0,"parent":0,"menu_order":0,"comment_status":"closed","ping_status":"closed","template":"","meta":{"footnotes":""},"class_list":["post-46","page","type-page","status-publish","hentry"],"_links":{"self":[{"href":"https:\/\/shiki-boulogne-billancourt.com\/index.php\/wp-json\/wp\/v2\/pages\/46","targetHints":{"allow":["GET"]}}],"collection":[{"href":"https:\/\/shiki-boulogne-billancourt.com\/index.php\/wp-json\/wp\/v2\/pages"}],"about":[{"href":"https:\/\/shiki-boulogne-billancourt.com\/index.php\/wp-json\/wp\/v2\/types\/page"}],"author":[{"embeddable":true,"href":"https:\/\/shiki-boulogne-billancourt.com\/index.php\/wp-json\/wp\/v2\/users\/1"}],"replies":[{"embeddable":true,"href":"https:\/\/shiki-boulogne-billancourt.com\/index.php\/wp-json\/wp\/v2\/comments?post=46"}],"version-history":[{"count":3,"href":"https:\/\/shiki-boulogne-billancourt.com\/index.php\/wp-json\/wp\/v2\/pages\/46\/revisions"}],"predecessor-version":[{"id":277,"href":"https:\/\/shiki-boulogne-billancourt.com\/index.php\/wp-json\/wp\/v2\/pages\/46\/revisions\/277"}],"wp:attachment":[{"href":"https:\/\/shiki-boulogne-billancourt.com\/index.php\/wp-json\/wp\/v2\/media?parent=46"}],"curies":[{"name":"wp","href":"https:\/\/api.w.org\/{rel}","templated":true}]}}