{"id":20,"date":"2018-03-15T00:47:22","date_gmt":"2018-03-14T15:47:22","guid":{"rendered":"http:\/\/shiki-boulogne-billancourt.com\/wp\/?page_id=20"},"modified":"2025-03-14T18:11:07","modified_gmt":"2025-03-14T17:11:07","slug":"presentation","status":"publish","type":"page","link":"https:\/\/shiki-boulogne-billancourt.com\/","title":{"rendered":"Accueil"},"content":{"rendered":"\n<p class=\"has-text-color has-background has-link-color wp-elements-9d9bbaef7a7c0e0af1d28039d4f1171a\" style=\"color:#682507;background-color:#f4f0cf\">Vous avez tous \u00e9t\u00e9 attrist\u00e9s en apprenant la fermeture d\u00e9finitive de Sanki ce 9 mars, apr\u00e8s 29 ann\u00e9es d\u2019existence. Nous vous remercions infiniment de la fid\u00e9lit\u00e9 que vous avez leur t\u00e9moign\u00e9e et de vos nombreux messages qui nous ont vraiment touch\u00e9s.<br><br>On dit que les meilleures choses ont une fin mais ici l\u2019histoire continue :<br><br>Nous sommes tellement heureux de vous apprendre que les Chefs Cuisiniers de Sanki, Okada San et Yug\u00e9 San rejoignent notre \u00e9quipe au Shiki et apportent avec eux leur savoir-faire et leurs sp\u00e9cialit\u00e9s culinaires qui vous ont r\u00e9gal\u00e9es depuis des ann\u00e9es.<br><br>On est pr\u00eats, la famille SANKI-SHIKI est maintenant r\u00e9unie.<br><br>Nous repartons ensemble pour une nouvelle aventure !<\/p>\n\n\n\n<p><\/p>\n\n\n\n<hr class=\"wp-block-separator has-css-opacity\"\/>\n\n\n\n<h3 class=\"wp-block-heading\"><\/h3>\n\n\n<p><!--\n\n<p><img loading=\"lazy\" decoding=\"async\" class=\"alignright size-full wp-image-30\" src=\"https:\/\/shiki-boulogne-billancourt.com\/images\/shiki_exterieur_300.jpg\" alt=\"\" width=\"300\" height=\"225\">Le restaurant japonais SHIKI ouvre ses portes en 2009 \u00e0 Boulogne, \u00e0 l\u2019initiative des propri\u00e9taires du restaurant SANKI situ\u00e9 \u00e0 proximit\u00e9.<\/p>\n\n\n\n\n<p>Dans un cadre serein et apaisant aux teintes chaudes, vous aurez le plaisir de d\u00e9couvrir une cuisine inventive aux multiples saveurs. En famille ou entre amis, vous aurez le privil\u00e8ge de rencontrer des sp\u00e9cialit\u00e9s raffin\u00e9es de la cuisine typique japonaise. Poissons et viandes sont au rendez vous, d\u00e9clin\u00e9s en diverses pr\u00e9parations \u00e0 subjuguer les papilles.<\/p>\n\n--><\/p>\n\n\n<div class=\"wp-block-columns is-layout-flex wp-container-core-columns-is-layout-9d6595d7 wp-block-columns-is-layout-flex\">\n<div class=\"wp-block-column is-layout-flow wp-block-column-is-layout-flow\" style=\"flex-basis:66.66%\">\n<div class=\"wp-block-group\"><div class=\"wp-block-group__inner-container is-layout-flow wp-block-group-is-layout-flow\">\n<p><\/p>\n<\/div><\/div>\n<\/div>\n\n\n\n<div class=\"wp-block-column is-layout-flow wp-block-column-is-layout-flow\" style=\"flex-basis:33.33%\"><\/div>\n<\/div>\n\n\n\n<p><\/p>\n","protected":false},"excerpt":{"rendered":"<p>Vous avez tous \u00e9t\u00e9 attrist\u00e9s en apprenant la fermeture d\u00e9finitive de Sanki ce 9 mars, apr\u00e8s 29 ann\u00e9es d\u2019existe [&hellip;]<\/p>\n","protected":false},"author":1,"featured_media":0,"parent":0,"menu_order":0,"comment_status":"closed","ping_status":"closed","template":"","meta":{"footnotes":""},"class_list":["post-20","page","type-page","status-publish","hentry"],"_links":{"self":[{"href":"https:\/\/shiki-boulogne-billancourt.com\/index.php\/wp-json\/wp\/v2\/pages\/20","targetHints":{"allow":["GET"]}}],"collection":[{"href":"https:\/\/shiki-boulogne-billancourt.com\/index.php\/wp-json\/wp\/v2\/pages"}],"about":[{"href":"https:\/\/shiki-boulogne-billancourt.com\/index.php\/wp-json\/wp\/v2\/types\/page"}],"author":[{"embeddable":true,"href":"https:\/\/shiki-boulogne-billancourt.com\/index.php\/wp-json\/wp\/v2\/users\/1"}],"replies":[{"embeddable":true,"href":"https:\/\/shiki-boulogne-billancourt.com\/index.php\/wp-json\/wp\/v2\/comments?post=20"}],"version-history":[{"count":45,"href":"https:\/\/shiki-boulogne-billancourt.com\/index.php\/wp-json\/wp\/v2\/pages\/20\/revisions"}],"predecessor-version":[{"id":407,"href":"https:\/\/shiki-boulogne-billancourt.com\/index.php\/wp-json\/wp\/v2\/pages\/20\/revisions\/407"}],"wp:attachment":[{"href":"https:\/\/shiki-boulogne-billancourt.com\/index.php\/wp-json\/wp\/v2\/media?parent=20"}],"curies":[{"name":"wp","href":"https:\/\/api.w.org\/{rel}","templated":true}]}}